{"id":1820,"date":"2025-11-11T15:16:37","date_gmt":"2025-11-11T15:16:37","guid":{"rendered":"https:\/\/www.m1-privatklinik.de\/contact\/"},"modified":"2026-01-26T09:28:37","modified_gmt":"2026-01-26T09:28:37","slug":"contact","status":"publish","type":"page","link":"https:\/\/www.m1-privatklinik.de\/en\/contact\/","title":{"rendered":"Contact"},"content":{"rendered":"\n<div class=\"wp-block-cover is-light entry-cover max-lg:!pt-170\" style=\"min-height:70vh;aspect-ratio:unset;\"><img loading=\"lazy\" decoding=\"async\" width=\"1024\" height=\"683\" class=\"wp-block-cover__image-background wp-image-275 size-large\" alt=\"\" src=\"https:\/\/www.m1-privatklinik.de\/wp-content\/uploads\/2025\/08\/f91c63bf581e4564d77aa9bb94c24bac1d72e7d1-1-1024x683.jpg\" style=\"object-position:100% 50%\" data-object-fit=\"cover\" data-object-position=\"100% 50%\" srcset=\"https:\/\/www.m1-privatklinik.de\/wp-content\/uploads\/2025\/08\/f91c63bf581e4564d77aa9bb94c24bac1d72e7d1-1-1024x683.jpg 1024w, https:\/\/www.m1-privatklinik.de\/wp-content\/uploads\/2025\/08\/f91c63bf581e4564d77aa9bb94c24bac1d72e7d1-1-300x200.jpg 300w, https:\/\/www.m1-privatklinik.de\/wp-content\/uploads\/2025\/08\/f91c63bf581e4564d77aa9bb94c24bac1d72e7d1-1-768x512.jpg 768w, https:\/\/www.m1-privatklinik.de\/wp-content\/uploads\/2025\/08\/f91c63bf581e4564d77aa9bb94c24bac1d72e7d1-1-1536x1024.jpg 1536w, https:\/\/www.m1-privatklinik.de\/wp-content\/uploads\/2025\/08\/f91c63bf581e4564d77aa9bb94c24bac1d72e7d1-1-2048x1366.jpg 2048w\" sizes=\"auto, (max-width: 1024px) 100vw, 1024px\" \/><span aria-hidden=\"true\" class=\"wp-block-cover__background has-black-background-color has-background-dim-20 has-background-dim\"><\/span><div class=\"wp-block-cover__inner-container is-layout-constrained wp-block-cover-is-layout-constrained\">\n<div class=\"wp-block-group entry-cover-inner lg:!w-8\/10 !ml-0 is-nowrap is-layout-flex wp-container-core-group-is-layout-ad2f72ca wp-block-group-is-layout-flex\">\n<div class=\"wp-block-group entry-cover-inner-content is-layout-constrained wp-block-group-is-layout-constrained\">\n<div class=\"wp-block-group entry-cover-inner-content-inner is-vertical is-layout-flex wp-container-core-group-is-layout-8cf370e7 wp-block-group-is-layout-flex\">\n<p class=\"entry-cover-inner-content-inner-eyebrow has-gray-color has-text-color has-link-color has-inter-font-family wp-elements-acd1be751a964cb8b036c7afdaacc187\">WE LOOK FORWARD TO SEEING YOU!<\/p>\n\n\n\n<h1 class=\"wp-block-heading entry-cover-inner-content-inner-title has-inter-font-family\">Contact \u2013 <mark style=\"background-color:rgba(0, 0, 0, 0)\" class=\"has-inline-color has-red-color\">M1 Privatklinik<\/mark><\/h1>\n\n\n\n<div class=\"wp-block-buttons is-layout-flex wp-block-buttons-is-layout-flex\">\n<div class=\"wp-block-button button red-bg button-with-icon message-button\"><a class=\"wp-block-button__link wp-element-button\" href=\"https:\/\/www.m1-privatklinik.de\/en\/contact\/\">Make an appointment<\/a><\/div>\n<\/div>\n<\/div>\n<\/div>\n<\/div>\n<\/div><\/div>\n\n<div class=\"wp-block-group content-section !gap-70 !items-start max-lg:!flex-col is-nowrap is-layout-flex wp-container-core-group-is-layout-ad2f72ca wp-block-group-is-layout-flex\">\n<div class=\"wp-block-group flex-3 !gap-22 is-vertical is-layout-flex wp-container-core-group-is-layout-8cf370e7 wp-block-group-is-layout-flex\">\n<div class=\"wp-block-group p-50 rounded-[22px] text-white !gap-22 w-full [&amp;_a]:!text-white [&amp;_a]:!no-underline [&amp;_a:hover]:!underline [&amp;_.wp-block-image]:!rounded-none  circle-highlight bottom has-red-background-color has-background is-vertical is-layout-flex wp-container-core-group-is-layout-8cf370e7 wp-block-group-is-layout-flex\">\n<p class=\"font-bold !text-xl\">M1 Privatklinik AG<\/p>\n\n\n\n<div class=\"wp-block-group !gap-12 is-vertical is-layout-flex wp-container-core-group-is-layout-8cf370e7 wp-block-group-is-layout-flex\">\n<div class=\"wp-block-group !items-start !gap-12 is-nowrap is-layout-flex wp-container-core-group-is-layout-ad2f72ca wp-block-group-is-layout-flex\">\n<figure class=\"wp-block-image size-full !w-fit !h-fit flex items-center justify-center !mt-1\"><img decoding=\"async\" src=\"https:\/\/www.m1-privatklinik.de\/wp-content\/uploads\/2025\/11\/Group-271.svg\" alt=\"\" class=\"wp-image-1500\"\/><\/figure>\n\n\n\n<p><a href=\"https:\/\/maps.app.goo.gl\/mkodF5Pwn6DZXXK5A\">Mazaristra\u00dfe 1 \/ Frauenplatz 7<br\/>\u202880331 Munich<\/a><\/p>\n<\/div>\n\n\n\n<div class=\"wp-block-group !items-start !gap-12 is-nowrap is-layout-flex wp-container-core-group-is-layout-ad2f72ca wp-block-group-is-layout-flex\">\n<figure class=\"wp-block-image size-full !w-fit !h-fit flex items-center justify-center !mt-1\"><img decoding=\"async\" src=\"https:\/\/www.m1-privatklinik.de\/wp-content\/uploads\/2025\/11\/Vector-11.svg\" alt=\"\" class=\"wp-image-1508\"\/><\/figure>\n\n\n\n<p><a href=\"tel:+4908924215640\">+49 (0) 89 24 21 56 40<\/a><br\/><a href=\"tel:+49089242156425\">+49 (0) 89 24 21 56 425<\/a><\/p>\n<\/div>\n\n\n\n<div class=\"wp-block-group !items-start !gap-12 is-nowrap is-layout-flex wp-container-core-group-is-layout-ad2f72ca wp-block-group-is-layout-flex\">\n<figure class=\"wp-block-image size-full !w-fit !h-fit flex items-center justify-center !mt-1\"><img decoding=\"async\" src=\"https:\/\/www.m1-privatklinik.de\/wp-content\/uploads\/2025\/11\/Group-272.svg\" alt=\"\" class=\"wp-image-1509\"\/><\/figure>\n\n\n\n<p><a href=\"mailto:info@m1-privatklinik.de\">info@m1-privatklinik.de<\/a><\/p>\n<\/div>\n<\/div>\n\n\n\n<p><strong>How to reach us<\/strong><br\/>Subway U3 \/ U6 and all lines of the S-Bahn, Marienplatz stop. Walk along Kaufingerstra\u00dfe, turn right into Mazaristra\u00dfe. <\/p>\n\n\n\n<p><strong>By car<\/strong><br\/>Use the Cityparkhaus am F\u00e4rbergraben or the parking garage at Marienplatz (Rindermarkt). We would be happy to pick you up there in person. <\/p>\n<\/div>\n\n\n\n<div class=\"wp-block-group rounded-[22px] overflow-hidden is-layout-constrained wp-block-group-is-layout-constrained\">\n <div class=\"brlbs-cmpnt-container brlbs-cmpnt-content-blocker\" data-borlabs-cookie-content-blocker-id=\"google-maps\" data-borlabs-cookie-content=\"PGlmcmFtZSBzcmM9Imh0dHBzOi8vd3d3Lmdvb2dsZS5jb20vbWFwcy9lbWJlZD9wYj0hMW0xOCExbTEyITFtMyExZDUzMjUuMTQ4MzE4NzU1NTM0ITJkMTEuNTcyMDc1OTQ3MDAzNDE2ITNkNDguMTM3NzM1MDg0OTczNjA2ITJtMyExZjAhMmYwITNmMCEzbTIhMWkxMDI0ITJpNzY4ITRmMTMuMSEzbTMhMW0yITFzMHg0NzllNzVmNGU5YjI1MTQzJTNBMHhiYjMyZjFhMWIzMzljYjhlITJzTTElMjBwcml2YXRlJTIwY2xpbmljJTIwLSUyMFlvdXIlMjBwZWRpYXRyaWNpYW5zJTIwaW4lMjBNdW5pY2ghNWUwITNtMiExc2RlITJzZGUhNHYxNzYyODc2NDQ5MzgzITVtMiExc2RlITJzZGUiIHdpZHRoPSI2MDAiIGhlaWdodD0iNDUwIiBzdHlsZT0iYm9yZGVyOjA7IiBhbGxvd2Z1bGxzY3JlZW49IiIgbG9hZGluZz0ibGF6eSIgcmVmZXJyZXJwb2xpY3k9Im5vLXJlZmVycmVyLXdoZW4tZG93bmdyYWRlIj4KPC9pZnJhbWU+\"><div class=\"brlbs-cmpnt-cb-preset-b brlbs-cmpnt-cb-google-maps\"> <div class=\"brlbs-cmpnt-cb-thumbnail\" style=\"background-image: url('https:\/\/www.m1-privatklinik.de\/wp-content\/uploads\/borlabs-cookie\/1\/brlbs-cb-google-maps-main.png')\"><\/div> <div class=\"brlbs-cmpnt-cb-main\"> <div class=\"brlbs-cmpnt-cb-content\"> <p class=\"brlbs-cmpnt-cb-description\">You are currently viewing a placeholder content from <strong>Google Maps<\/strong>. To access the actual content, click the button below. Please note that doing so will share data with third-party providers.<\/p> <a class=\"brlbs-cmpnt-cb-provider-toggle\" href=\"#\" data-borlabs-cookie-show-provider-information role=\"button\">More Information<\/a> <\/div> <div class=\"brlbs-cmpnt-cb-buttons\"> <a class=\"brlbs-cmpnt-cb-btn\" href=\"#\" data-borlabs-cookie-unblock role=\"button\">Unblock content<\/a> <a class=\"brlbs-cmpnt-cb-btn\" href=\"#\" data-borlabs-cookie-accept-service role=\"button\" style=\"display: inherit\">Accept required service and unblock content<\/a> <\/div> <\/div> <\/div><\/div>\n\n<\/div>\n<\/div>\n\n\n\n<div class=\"wp-block-group flex-4 !gap-44 is-vertical is-layout-flex wp-container-core-group-is-layout-8cf370e7 wp-block-group-is-layout-flex\">\n<div class=\"wp-block-group !gap-22 is-vertical is-layout-flex wp-container-core-group-is-layout-8cf370e7 wp-block-group-is-layout-flex\">\n<p class=\"font-bold !text-xl lg:w-6\/10\">If you have any questions or appointment requests, please do not hesitate to contact us.<\/p>\n\n\n\n<p>You can reach us personally at <a href=\"tel:+4908924215640\">+49 (0) 89 24 21 56 40<\/a>.<br\/>You are also welcome to leave us a message using our contact form. We will get back to you as soon as possible.\u2028<br\/>We look forward to hearing from you! <\/p>\n<\/div>\n\n\n\n<div class=\"wpcf7 no-js\" id=\"wpcf7-f2652-o1\" lang=\"en-US\" dir=\"ltr\" data-wpcf7-id=\"2652\">\n<div class=\"screen-reader-response\"><p role=\"status\" aria-live=\"polite\" aria-atomic=\"true\"><\/p> <ul><\/ul><\/div>\n<form action=\"\/en\/wp-json\/wp\/v2\/pages\/1820#wpcf7-f2652-o1\" method=\"post\" class=\"wpcf7-form init\" aria-label=\"Contact form\" novalidate=\"novalidate\" data-status=\"init\">\n<fieldset class=\"hidden-fields-container\"><input type=\"hidden\" name=\"_wpcf7\" value=\"2652\" \/><input type=\"hidden\" name=\"_wpcf7_version\" value=\"6.1.4\" \/><input type=\"hidden\" name=\"_wpcf7_locale\" value=\"en_US\" \/><input type=\"hidden\" name=\"_wpcf7_unit_tag\" value=\"wpcf7-f2652-o1\" \/><input type=\"hidden\" name=\"_wpcf7_container_post\" value=\"0\" \/><input type=\"hidden\" name=\"_wpcf7_posted_data_hash\" value=\"\" \/>\n<\/fieldset>\n<div class=\"contact-form-half-width-children\">\n\t<p><label class=\"sr-only\" for=\"first-name\">Vorname<\/label><span class=\"wpcf7-form-control-wrap\" data-name=\"first-name\"><input size=\"40\" maxlength=\"400\" class=\"wpcf7-form-control wpcf7-text\" id=\"first-name\" aria-invalid=\"false\" placeholder=\"Vorname\" value=\"\" type=\"text\" name=\"first-name\" \/><\/span>\n\t<\/p>\n\t<p><label class=\"sr-only\" for=\"last-name\">Nachname<\/label><span class=\"wpcf7-form-control-wrap\" data-name=\"last-name\"><input size=\"40\" maxlength=\"400\" class=\"wpcf7-form-control wpcf7-text\" id=\"last-name\" aria-invalid=\"false\" placeholder=\"Nachname\" value=\"\" type=\"text\" name=\"last-name\" \/><\/span>\n\t<\/p>\n<\/div>\n<div class=\"contact-form-checkboxes\">\n\t<p><span class=\"contact-form-checkboxes-title\">Versicherung:<\/span><span class=\"wpcf7-form-control-wrap\" data-name=\"insurance\"><span class=\"wpcf7-form-control wpcf7-checkbox\"><span class=\"wpcf7-list-item first\"><label><input type=\"checkbox\" name=\"insurance[]\" value=\"Privat versichert\" \/><span class=\"wpcf7-list-item-label\">Privat versichert<\/span><\/label><\/span><span class=\"wpcf7-list-item last\"><label><input type=\"checkbox\" name=\"insurance[]\" value=\"Gesetzlich versichert\" \/><span class=\"wpcf7-list-item-label\">Gesetzlich versichert<\/span><\/label><\/span><\/span><\/span>\n\t<\/p>\n<\/div>\n<div class=\"contact-form-half-width-children\">\n\t<p><label class=\"sr-only\" for=\"email\">E-Mail Adresse<\/label><span class=\"wpcf7-form-control-wrap\" data-name=\"email\"><input size=\"40\" maxlength=\"400\" class=\"wpcf7-form-control wpcf7-email wpcf7-validates-as-required wpcf7-text wpcf7-validates-as-email\" aria-required=\"true\" aria-invalid=\"false\" placeholder=\"E-Mail Adresse\" value=\"\" type=\"email\" name=\"email\" \/><\/span>\n\t<\/p>\n\t<p><label class=\"sr-only\" for=\"phone\">Telefon<\/label><span class=\"wpcf7-form-control-wrap\" data-name=\"phone\"><input size=\"40\" maxlength=\"400\" class=\"wpcf7-form-control wpcf7-tel wpcf7-validates-as-required wpcf7-text wpcf7-validates-as-tel\" aria-required=\"true\" aria-invalid=\"false\" placeholder=\"Telefon\" value=\"\" type=\"tel\" name=\"phone\" \/><\/span>\n\t<\/p>\n<\/div>\n<div class=\"contact-form-checkboxes\">\n\t<p><span class=\"contact-form-checkboxes-title\">Kontakt erw\u00fcnscht per:<\/span><span class=\"wpcf7-form-control-wrap\" data-name=\"contact-preferences\"><span class=\"wpcf7-form-control wpcf7-checkbox\"><span class=\"wpcf7-list-item first\"><label><input type=\"checkbox\" name=\"contact-preferences[]\" value=\"E-Mail\" \/><span class=\"wpcf7-list-item-label\">E-Mail<\/span><\/label><\/span><span class=\"wpcf7-list-item last\"><label><input type=\"checkbox\" name=\"contact-preferences[]\" value=\"R\u00fcckruf\" \/><span class=\"wpcf7-list-item-label\">R\u00fcckruf<\/span><\/label><\/span><\/span><\/span>\n\t<\/p>\n<\/div>\n<p><span class=\"wpcf7-form-control-wrap\" data-name=\"specializations\"><select class=\"wpcf7-form-control wpcf7-select\" aria-invalid=\"false\" name=\"specializations\"><option value=\"\">Fachrichtungen<\/option><option value=\"Kinderurologie\">Kinderurologie<\/option><option value=\"Kinderkardiologie\">Kinderkardiologie<\/option><option value=\"CFS bei Kindern\">CFS bei Kindern<\/option><option value=\"H\u00e4mato-Onkologie\">H\u00e4mato-Onkologie<\/option><option value=\"Kinder- und Neuro-Orthop\u00e4die\">Kinder- und Neuro-Orthop\u00e4die<\/option><option value=\"Kinderkardiologie\">Kinderkardiologie<\/option><option value=\"Kindernephrologie\">Kindernephrologie<\/option><option value=\"Kinder-Pneumologie\">Kinder-Pneumologie<\/option><option value=\"Kinderurologie\">Kinderurologie<\/option><option value=\"Long COVID bei Kindern\">Long COVID bei Kindern<\/option><option value=\"Neurop\u00e4diatrie\">Neurop\u00e4diatrie<\/option><option value=\"P\u00e4diatrische Allergologie\">P\u00e4diatrische Allergologie<\/option><option value=\"P\u00e4diatrische Endokrinologie\">P\u00e4diatrische Endokrinologie<\/option><option value=\"P\u00e4diatrische Gastroenterologie\">P\u00e4diatrische Gastroenterologie<\/option><\/select><\/span>\n<\/p>\n<div class=\"contact-form-message-outer-box\">\n\t<p><label class=\"sr-only\" for=\"subject\">Betreff<\/label><span class=\"wpcf7-form-control-wrap\" data-name=\"subject\"><input size=\"40\" maxlength=\"400\" class=\"wpcf7-form-control wpcf7-text\" id=\"subject\" aria-invalid=\"false\" placeholder=\"Betreff\" value=\"\" type=\"text\" name=\"subject\" \/><\/span>\n\t<\/p>\n\t<p><label class=\"sr-only\" for=\"message\">Ihre Nachricht<\/label><span class=\"wpcf7-form-control-wrap\" data-name=\"message\"><textarea cols=\"40\" rows=\"10\" maxlength=\"2000\" class=\"wpcf7-form-control wpcf7-textarea\" id=\"message\" aria-invalid=\"false\" placeholder=\"Ihre Nachricht\" name=\"message\"><\/textarea><\/span>\n\t<\/p>\n\t<p><span class=\"wpcf7-form-control-wrap\" data-name=\"acceptance\"><span class=\"wpcf7-form-control wpcf7-acceptance\"><span class=\"wpcf7-list-item\"><label><input type=\"checkbox\" name=\"acceptance\" value=\"1\" aria-invalid=\"false\" \/><span class=\"wpcf7-list-item-label\">Ich habe die\u00a0Datenschutzerkl\u00e4rung\u00a0gelesen und akzeptiere diese.<\/span><\/label><\/span><\/span><\/span>\n\t<\/p>\n<\/div>\n<p><button type=\"submit\" class=\"wpcf7-form-control wpcf7-submit wp-block-button button red-bg button-with-icon message-2-button\"><a class=\"wp-block-button__link wp-element-button\">Kontaktanfrage senden<\/a><\/button>\n<\/p><div class=\"wpcf7-response-output\" aria-hidden=\"true\"><\/div>\n<\/form>\n<\/div>\n\n<\/div>\n<\/div>\n","protected":false},"excerpt":{"rendered":"<p>M1 Privatklinik AG Mazaristra\u00dfe 1 \/ Frauenplatz 7\u202880331 Munich +49 (0) 89 24 21 56 40+49 (0) 89 24 21 56 425 info@m1-privatklinik.de How to reach usSubway U3 \/ U6 and all lines of the S-Bahn, Marienplatz stop. Walk along Kaufingerstra\u00dfe, turn right into Mazaristra\u00dfe. By carUse the Cityparkhaus am F\u00e4rbergraben or the parking garage [&hellip;]<\/p>\n","protected":false},"author":2,"featured_media":0,"parent":0,"menu_order":0,"comment_status":"closed","ping_status":"closed","template":"","meta":{"footnotes":""},"class_list":["post-1820","page","type-page","status-publish","hentry"],"yoast_head":"<!-- This site is optimized with the Yoast SEO plugin v26.8 - https:\/\/yoast.com\/product\/yoast-seo-wordpress\/ -->\n<title>Contact | M1 Privatklinik<\/title>\n<meta name=\"description\" content=\"Contact us for appointments and questions regarding your children&#039;s health! We&#039;re looking forward to welcoming you at M1 in Munich!\" \/>\n<meta name=\"robots\" content=\"index, follow, max-snippet:-1, max-image-preview:large, max-video-preview:-1\" \/>\n<link rel=\"canonical\" href=\"https:\/\/www.m1-privatklinik.de\/en\/contact\/\" \/>\n<meta property=\"og:locale\" content=\"en_US\" \/>\n<meta property=\"og:type\" content=\"article\" \/>\n<meta property=\"og:title\" content=\"Contact | M1 Privatklinik\" \/>\n<meta property=\"og:description\" content=\"Contact us for appointments and questions regarding your children&#039;s health! We&#039;re looking forward to welcoming you at M1 in Munich!\" \/>\n<meta property=\"og:url\" content=\"https:\/\/www.m1-privatklinik.de\/en\/contact\/\" \/>\n<meta property=\"og:site_name\" content=\"M1 Privatklinik\" \/>\n<meta property=\"article:modified_time\" content=\"2026-01-26T09:28:37+00:00\" \/>\n<meta property=\"og:image\" content=\"https:\/\/m1-privatklinik.docleads.dev\/wp-content\/uploads\/2025\/08\/f91c63bf581e4564d77aa9bb94c24bac1d72e7d1-1-1024x683.jpg\" \/>\n<meta name=\"twitter:card\" content=\"summary_large_image\" \/>\n<meta name=\"twitter:label1\" content=\"Est. reading time\" \/>\n\t<meta name=\"twitter:data1\" content=\"2 minutes\" \/>\n<script type=\"application\/ld+json\" class=\"yoast-schema-graph\">{\"@context\":\"https:\/\/schema.org\",\"@graph\":[{\"@type\":\"WebPage\",\"@id\":\"https:\/\/www.m1-privatklinik.de\/en\/contact\/\",\"url\":\"https:\/\/www.m1-privatklinik.de\/en\/contact\/\",\"name\":\"Contact | M1 Privatklinik\",\"isPartOf\":{\"@id\":\"https:\/\/www.m1-privatklinik.de\/#website\"},\"primaryImageOfPage\":{\"@id\":\"https:\/\/www.m1-privatklinik.de\/en\/contact\/#primaryimage\"},\"image\":{\"@id\":\"https:\/\/www.m1-privatklinik.de\/en\/contact\/#primaryimage\"},\"thumbnailUrl\":\"https:\/\/www.m1-privatklinik.de\/wp-content\/uploads\/2025\/08\/f91c63bf581e4564d77aa9bb94c24bac1d72e7d1-1-1024x683.jpg\",\"datePublished\":\"2025-11-11T15:16:37+00:00\",\"dateModified\":\"2026-01-26T09:28:37+00:00\",\"description\":\"Contact us for appointments and questions regarding your children's health! We're looking forward to welcoming you at M1 in Munich!\",\"breadcrumb\":{\"@id\":\"https:\/\/www.m1-privatklinik.de\/en\/contact\/#breadcrumb\"},\"inLanguage\":\"en-US\",\"potentialAction\":[{\"@type\":\"ReadAction\",\"target\":[\"https:\/\/www.m1-privatklinik.de\/en\/contact\/\"]}]},{\"@type\":\"ImageObject\",\"inLanguage\":\"en-US\",\"@id\":\"https:\/\/www.m1-privatklinik.de\/en\/contact\/#primaryimage\",\"url\":\"https:\/\/www.m1-privatklinik.de\/wp-content\/uploads\/2025\/08\/f91c63bf581e4564d77aa9bb94c24bac1d72e7d1-1-1024x683.jpg\",\"contentUrl\":\"https:\/\/www.m1-privatklinik.de\/wp-content\/uploads\/2025\/08\/f91c63bf581e4564d77aa9bb94c24bac1d72e7d1-1-1024x683.jpg\"},{\"@type\":\"BreadcrumbList\",\"@id\":\"https:\/\/www.m1-privatklinik.de\/en\/contact\/#breadcrumb\",\"itemListElement\":[{\"@type\":\"ListItem\",\"position\":1,\"name\":\"Startseite\",\"item\":\"https:\/\/www.m1-privatklinik.de\/en\/\"},{\"@type\":\"ListItem\",\"position\":2,\"name\":\"Contact\"}]},{\"@type\":\"WebSite\",\"@id\":\"https:\/\/www.m1-privatklinik.de\/#website\",\"url\":\"https:\/\/www.m1-privatklinik.de\/\",\"name\":\"M1 Privatklinik\",\"description\":\"\",\"publisher\":{\"@id\":\"https:\/\/www.m1-privatklinik.de\/#organization\"},\"potentialAction\":[{\"@type\":\"SearchAction\",\"target\":{\"@type\":\"EntryPoint\",\"urlTemplate\":\"https:\/\/www.m1-privatklinik.de\/?s={search_term_string}\"},\"query-input\":{\"@type\":\"PropertyValueSpecification\",\"valueRequired\":true,\"valueName\":\"search_term_string\"}}],\"inLanguage\":\"en-US\"},{\"@type\":\"Organization\",\"@id\":\"https:\/\/www.m1-privatklinik.de\/#organization\",\"name\":\"M1 Privatklinik\",\"url\":\"https:\/\/www.m1-privatklinik.de\/\",\"logo\":{\"@type\":\"ImageObject\",\"inLanguage\":\"en-US\",\"@id\":\"https:\/\/www.m1-privatklinik.de\/#\/schema\/logo\/image\/\",\"url\":\"https:\/\/www.m1-privatklinik.de\/wp-content\/uploads\/2025\/11\/m1-privatklinik-muenchen.jpg\",\"contentUrl\":\"https:\/\/www.m1-privatklinik.de\/wp-content\/uploads\/2025\/11\/m1-privatklinik-muenchen.jpg\",\"width\":90,\"height\":167,\"caption\":\"M1 Privatklinik\"},\"image\":{\"@id\":\"https:\/\/www.m1-privatklinik.de\/#\/schema\/logo\/image\/\"}}]}<\/script>\n<!-- \/ Yoast SEO plugin. -->","yoast_head_json":{"title":"Contact | M1 Privatklinik","description":"Contact us for appointments and questions regarding your children's health! We're looking forward to welcoming you at M1 in Munich!","robots":{"index":"index","follow":"follow","max-snippet":"max-snippet:-1","max-image-preview":"max-image-preview:large","max-video-preview":"max-video-preview:-1"},"canonical":"https:\/\/www.m1-privatklinik.de\/en\/contact\/","og_locale":"en_US","og_type":"article","og_title":"Contact | M1 Privatklinik","og_description":"Contact us for appointments and questions regarding your children's health! We're looking forward to welcoming you at M1 in Munich!","og_url":"https:\/\/www.m1-privatklinik.de\/en\/contact\/","og_site_name":"M1 Privatklinik","article_modified_time":"2026-01-26T09:28:37+00:00","og_image":[{"url":"https:\/\/m1-privatklinik.docleads.dev\/wp-content\/uploads\/2025\/08\/f91c63bf581e4564d77aa9bb94c24bac1d72e7d1-1-1024x683.jpg","type":"","width":"","height":""}],"twitter_card":"summary_large_image","twitter_misc":{"Est. reading time":"2 minutes"},"schema":{"@context":"https:\/\/schema.org","@graph":[{"@type":"WebPage","@id":"https:\/\/www.m1-privatklinik.de\/en\/contact\/","url":"https:\/\/www.m1-privatklinik.de\/en\/contact\/","name":"Contact | M1 Privatklinik","isPartOf":{"@id":"https:\/\/www.m1-privatklinik.de\/#website"},"primaryImageOfPage":{"@id":"https:\/\/www.m1-privatklinik.de\/en\/contact\/#primaryimage"},"image":{"@id":"https:\/\/www.m1-privatklinik.de\/en\/contact\/#primaryimage"},"thumbnailUrl":"https:\/\/www.m1-privatklinik.de\/wp-content\/uploads\/2025\/08\/f91c63bf581e4564d77aa9bb94c24bac1d72e7d1-1-1024x683.jpg","datePublished":"2025-11-11T15:16:37+00:00","dateModified":"2026-01-26T09:28:37+00:00","description":"Contact us for appointments and questions regarding your children's health! We're looking forward to welcoming you at M1 in Munich!","breadcrumb":{"@id":"https:\/\/www.m1-privatklinik.de\/en\/contact\/#breadcrumb"},"inLanguage":"en-US","potentialAction":[{"@type":"ReadAction","target":["https:\/\/www.m1-privatklinik.de\/en\/contact\/"]}]},{"@type":"ImageObject","inLanguage":"en-US","@id":"https:\/\/www.m1-privatklinik.de\/en\/contact\/#primaryimage","url":"https:\/\/www.m1-privatklinik.de\/wp-content\/uploads\/2025\/08\/f91c63bf581e4564d77aa9bb94c24bac1d72e7d1-1-1024x683.jpg","contentUrl":"https:\/\/www.m1-privatklinik.de\/wp-content\/uploads\/2025\/08\/f91c63bf581e4564d77aa9bb94c24bac1d72e7d1-1-1024x683.jpg"},{"@type":"BreadcrumbList","@id":"https:\/\/www.m1-privatklinik.de\/en\/contact\/#breadcrumb","itemListElement":[{"@type":"ListItem","position":1,"name":"Startseite","item":"https:\/\/www.m1-privatklinik.de\/en\/"},{"@type":"ListItem","position":2,"name":"Contact"}]},{"@type":"WebSite","@id":"https:\/\/www.m1-privatklinik.de\/#website","url":"https:\/\/www.m1-privatklinik.de\/","name":"M1 Privatklinik","description":"","publisher":{"@id":"https:\/\/www.m1-privatklinik.de\/#organization"},"potentialAction":[{"@type":"SearchAction","target":{"@type":"EntryPoint","urlTemplate":"https:\/\/www.m1-privatklinik.de\/?s={search_term_string}"},"query-input":{"@type":"PropertyValueSpecification","valueRequired":true,"valueName":"search_term_string"}}],"inLanguage":"en-US"},{"@type":"Organization","@id":"https:\/\/www.m1-privatklinik.de\/#organization","name":"M1 Privatklinik","url":"https:\/\/www.m1-privatklinik.de\/","logo":{"@type":"ImageObject","inLanguage":"en-US","@id":"https:\/\/www.m1-privatklinik.de\/#\/schema\/logo\/image\/","url":"https:\/\/www.m1-privatklinik.de\/wp-content\/uploads\/2025\/11\/m1-privatklinik-muenchen.jpg","contentUrl":"https:\/\/www.m1-privatklinik.de\/wp-content\/uploads\/2025\/11\/m1-privatklinik-muenchen.jpg","width":90,"height":167,"caption":"M1 Privatklinik"},"image":{"@id":"https:\/\/www.m1-privatklinik.de\/#\/schema\/logo\/image\/"}}]}},"_links":{"self":[{"href":"https:\/\/www.m1-privatklinik.de\/en\/wp-json\/wp\/v2\/pages\/1820","targetHints":{"allow":["GET"]}}],"collection":[{"href":"https:\/\/www.m1-privatklinik.de\/en\/wp-json\/wp\/v2\/pages"}],"about":[{"href":"https:\/\/www.m1-privatklinik.de\/en\/wp-json\/wp\/v2\/types\/page"}],"author":[{"embeddable":true,"href":"https:\/\/www.m1-privatklinik.de\/en\/wp-json\/wp\/v2\/users\/2"}],"replies":[{"embeddable":true,"href":"https:\/\/www.m1-privatklinik.de\/en\/wp-json\/wp\/v2\/comments?post=1820"}],"version-history":[{"count":1,"href":"https:\/\/www.m1-privatklinik.de\/en\/wp-json\/wp\/v2\/pages\/1820\/revisions"}],"predecessor-version":[{"id":1821,"href":"https:\/\/www.m1-privatklinik.de\/en\/wp-json\/wp\/v2\/pages\/1820\/revisions\/1821"}],"wp:attachment":[{"href":"https:\/\/www.m1-privatklinik.de\/en\/wp-json\/wp\/v2\/media?parent=1820"}],"curies":[{"name":"wp","href":"https:\/\/api.w.org\/{rel}","templated":true}]}}