{"id":1602,"date":"2025-11-14T13:40:19","date_gmt":"2025-11-14T13:40:19","guid":{"rendered":"https:\/\/www.m1-privatklinik.de\/imprint\/"},"modified":"2026-01-27T13:56:17","modified_gmt":"2026-01-27T13:56:17","slug":"imprint","status":"publish","type":"page","link":"https:\/\/www.m1-privatklinik.de\/en\/imprint\/","title":{"rendered":"Imprint"},"content":{"rendered":"\n<p><\/p>\n\n\n\n<div style=\"height:300px\" aria-hidden=\"true\" class=\"wp-block-spacer\"><\/div>\n\n\n\n<div class=\"wp-block-cover entry-cover !absolute w-full left-0 top-0\" style=\"min-height:550px;aspect-ratio:unset;\"><img loading=\"lazy\" decoding=\"async\" width=\"1024\" height=\"682\" class=\"wp-block-cover__image-background wp-image-502 size-large\" alt=\"\" src=\"https:\/\/www.m1-privatklinik.de\/wp-content\/uploads\/2025\/10\/1a7d325db404e3b3e251b4e9100731a38a74b0ba-min-1024x682.webp\" data-object-fit=\"cover\" srcset=\"https:\/\/www.m1-privatklinik.de\/wp-content\/uploads\/2025\/10\/1a7d325db404e3b3e251b4e9100731a38a74b0ba-min-1024x682.webp 1024w, https:\/\/www.m1-privatklinik.de\/wp-content\/uploads\/2025\/10\/1a7d325db404e3b3e251b4e9100731a38a74b0ba-min-300x200.webp 300w, https:\/\/www.m1-privatklinik.de\/wp-content\/uploads\/2025\/10\/1a7d325db404e3b3e251b4e9100731a38a74b0ba-min-768x512.webp 768w, https:\/\/www.m1-privatklinik.de\/wp-content\/uploads\/2025\/10\/1a7d325db404e3b3e251b4e9100731a38a74b0ba-min.webp 1280w\" sizes=\"auto, (max-width: 1024px) 100vw, 1024px\" \/><span aria-hidden=\"true\" class=\"wp-block-cover__background has-background-dim-100 has-background-dim wp-block-cover__gradient-background has-background-gradient\" style=\"background:linear-gradient(180deg,rgba(226,225,225,0.14) 0%,rgb(255,255,255) 73%,rgb(255,255,255) 100%)\"><\/span><div class=\"wp-block-cover__inner-container is-layout-constrained wp-block-cover-is-layout-constrained\">\n<p class=\"has-text-align-center has-large-font-size\"><\/p>\n<\/div><\/div>\n\n\n\n<div class=\"wp-block-group !gap-22 lg:!gap-66 !items-end  z-10 max-lg:!flex-col lg:px-60 pt-160 relative is-nowrap is-layout-flex wp-container-core-group-is-layout-ad2f72ca wp-block-group-is-layout-flex\">\n<div class=\"wp-block-group flex-1 !gap-12 lg:!gap-22 is-vertical is-layout-flex wp-container-core-group-is-layout-8cf370e7 wp-block-group-is-layout-flex\">\n<h1 class=\"wp-block-heading has-black-text-color has-text-color has-link-color wp-elements-913ac8517e8b29f3c882583d9382263b\"><mark style=\"background-color:rgba(0, 0, 0, 0)\" class=\"has-inline-color has-red-color\">Imprint<\/mark><\/h1>\n<\/div>\n<\/div>\n\n\n\n<div class=\"wp-block-group !mt-44 !gap-100 lg:!gap-66 !items-start  max-lg:!flex-col lg:px-60 is-vertical is-nowrap is-layout-flex wp-container-core-group-is-layout-fc43baa9 wp-block-group-is-layout-flex\">\n<p><strong>Information provided according to Sec. 5 German Telemedia Act (TMG):<\/strong><\/p>\n\n\n\n<p>M1 Privatklinik AG<br>Frauenplatz 7<br>80331 M\u00fcnchen<\/p>\n\n\n\n<p><strong>Represented by:<\/strong><\/p>\n\n\n\n<p>Dr. Simon Mayer<br>Korbinian Mayer&nbsp;<\/p>\n\n\n\n<p><strong>Contact:<\/strong><\/p>\n\n\n\n<p>Telephone: +49 (0) 89 24 21 56 40<br>Telefax: +49 (0)89\/2421564-25&nbsp;<br>Email:&nbsp;<a href=\"mailto:office@arzt-m1.de\">office(at)arzt-m1.de<\/a><\/p>\n\n\n\n<p><strong>Register entry:<\/strong><\/p>\n\n\n\n<p>Entry in the Handelsregister.&nbsp;<br>Registering court:HRB 213377&nbsp;<br>Registration number: M\u00fcnchen<\/p>\n\n\n\n<p><strong>VAT:<\/strong><\/p>\n\n\n\n<p>M1 Privatklinik AG still has the privilege VAT exemption.<\/p>\n\n\n\n<p><strong>Supervising authority:<\/strong><\/p>\n\n\n\n<p>Bayerische Landes\u00e4rztekammer<br>M\u00fchlbaurstra\u00dfe 16<br>81677 M\u00fcnchen<br><a href=\"http:\/\/www.blaek.de\/\" target=\"_blank\" rel=\"noreferrer noopener\">www.blaek.de<\/a><\/p>\n\n\n\n<p>As well as:<br>Referat f\u00fcr Gesundheit und Umwelt<br>Bayerstra\u00dfe 28A<br>80335 M\u00fcnchen<\/p>\n\n\n\n<p>As the competent admittance and supervision.&nbsp;<\/p>\n\n\n\n<p><strong>Job title and professional regulations<\/strong><\/p>\n\n\n\n<p>Job title:<\/p>\n\n\n\n<p>Prof. Dr. Stefan Eber: Facharzt f\u00fcr Kinder- und Jugendmedizin\/Deutschland<br>Dr. Reinhard Erdl: Facharzt f\u00fcr Kinder- und Jugendmedizin\/Deutschland<br>Dr. Linda Johnston: Fach\u00e4rztin f\u00fcr Kinder- und Jugendmedizin\/Deutschland<br>Dr. Simon Mayer: Facharzt f\u00fcr Kinder- und Jugendmedizin\/Deutschland<br>Prof. Dr. Heiko Stern: Facharzt f\u00fcr Kinder- und Jugendmedizin\/Deutschland<br>Prof. Dr. Uwe Mellies: Facharzt f\u00fcr Kinder- und Jugendmedizin\/Deutschland<br>Dr. Peter Bernius: Facharzt f\u00fcr Kinder- und Neuroorthop\u00e4die\/Deutschland&nbsp;<\/p>\n\n\n\n<p>Responsible board: Bayerische Landes\u00e4rztekammer<br>Authorisation granted by: Bayerische Landes\u00e4rztekammer<\/p>\n\n\n\n<p><a href=\"http:\/\/www.blaek.de\/\" target=\"_blank\" rel=\"noreferrer noopener\">www.blaek.de<\/a><\/p>\n\n\n\n<p><strong>Information concerning professional indemnity insurance:<\/strong><\/p>\n\n\n\n<p>Name and residence of insurer:<br>Versicherungskammer Bayern \u2013<br>Gesch\u00e4ftsstelle M\u00fcnchen:<br>Tattenbachstra\u00dfe 6, 80538 M\u00fcnchen<br>Ansprechpartner: Hr. Mijatovic<\/p>\n\n\n\n<p>Scope of insurance: Germany&nbsp;<\/p>\n\n\n\n<p><strong>Responsible for contents acc. to Sec. 55, para. 2 German Federal Broadcasting Agreement (RstV):<\/strong><\/p>\n\n\n\n<p>Korbinian Mayer&nbsp;<br>Frauenplatz 7&nbsp;<br>80331 M\u00fcnchen<\/p>\n\n\n\n<p><strong>Sources for the images and graphics used:<\/strong><\/p>\n\n\n\n<p>Photgraph: Anja Wechsler<br>People shots: Photograph Moritz Hoffmann<\/p>\n\n\n\n<p><strong>Dispute resolution<\/strong><\/p>\n\n\n\n<p>The European Commission provides a platform for online dispute resolution (OS):&nbsp;https:\/\/ec.europa.eu\/consumers\/odr.<br>Please find our email in the impressum\/legal notice.&nbsp;<\/p>\n\n\n\n<p>We do not take part in online dispute resolutions at consumer arbitration boards.<\/p>\n\n\n\n<p><strong>Liability for Contents<\/strong><\/p>\n\n\n\n<p>As service providers, we are liable for own contents of these websites according to Sec. 7, paragraph 1 German Telemedia Act (TMG). However, according to Sec. 8 to 10 German Telemedia Act (TMG), service providers are not obligated to permanently monitor submitted or stored information or to search for evidences that indicate illegal activities.<\/p>\n\n\n\n<p>Legal obligations to removing information or to blocking the use of information remain unchallenged. In this case, liability is only possible at the time of knowledge about a specific violation of law. Illegal contents will be removed immediately at the time we get knowledge of them.<\/p>\n\n\n\n<p><strong>Liability for Links<\/strong><\/p>\n\n\n\n<p>Our offer includes links to external third party websites. We have no influence on the contents of those websites, therefore we cannot guarantee for those contents. Providers or administrators of linked websites are always responsible for their own contents.<\/p>\n\n\n\n<p>The linked websites had been checked for possible violations of law at the time of the establishment of the link. Illegal contents were not detected at the time of the linking. A permanent monitoring of the contents of linked websites cannot be imposed without reasonable indications that there has been a violation of law. Illegal links will be removed immediately at the time we get knowledge of them.<\/p>\n\n\n\n<p><strong>Copyright<\/strong><\/p>\n\n\n\n<p>Contents and compilations published on these websites by the providers are subject to German copyright laws. Reproduction, editing, distribution as well as the use of any kind outside the scope of the copyright law require a written permission of the author or originator. Downloads and copies of these websites are permitted for private use only.<br>The commercial use of our contents without permission of the originator is prohibited.<\/p>\n\n\n\n<p>Copyright laws of third parties are respected as long as the contents on these websites do not originate from the provider. Contributions of third parties on this site are indicated as such. However, if you notice any violations of copyright law, please inform us. Such contents will be removed immediately. &nbsp;<\/p>\n<\/div>\n\n\n\n<div class=\"wp-block-group content-section bg-[#F2F2F2] rounded-[16px] py-40 px-24 lg:p-64 !items-start max-lg:!flex-col max-lg:!gap-32 has-background is-content-justification-space-between is-nowrap is-layout-flex wp-container-core-group-is-layout-0dfbf163 wp-block-group-is-layout-flex\" style=\"background-color:#eee9e2\">\n<div class=\"wp-block-group is-vertical is-layout-flex wp-container-core-group-is-layout-8cf370e7 wp-block-group-is-layout-flex\">\n<p class=\"font-semibold !text-2xl\">Nichts mehr verpassen!<\/p>\n\n\n\n<p class=\"!mt-16 !text-lg\">Bleiben Sie auf dem Laufenden mit unserem Newsletter.<\/p>\n<\/div>\n\n\n\n<div class=\"wp-block-group is-vertical is-layout-flex wp-container-core-group-is-layout-8cf370e7 wp-block-group-is-layout-flex\"><script>(function() {\n\twindow.mc4wp = window.mc4wp || {\n\t\tlisteners: [],\n\t\tforms: {\n\t\t\ton: function(evt, cb) {\n\t\t\t\twindow.mc4wp.listeners.push(\n\t\t\t\t\t{\n\t\t\t\t\t\tevent   : evt,\n\t\t\t\t\t\tcallback: cb\n\t\t\t\t\t}\n\t\t\t\t);\n\t\t\t}\n\t\t}\n\t}\n})();\n<\/script><!-- Mailchimp for WordPress v4.11.1 - https:\/\/wordpress.org\/plugins\/mailchimp-for-wp\/ --><form id=\"mc4wp-form-1\" class=\"mc4wp-form mc4wp-form-2651 mc4wp-form-basic\" method=\"post\" data-id=\"2651\" data-name=\"Subscription form\" ><div class=\"mc4wp-form-fields\"><p class=\"input\">\n\t<label for=\"email\" class=\"sr-only\">Email address<\/label>\n\t<input type=\"email\" id=\"email\" name=\"EMAIL\" placeholder=\"Email Address\" required=\"\">\n<\/p>\n\n<p class=\"submit-button\">\n\t<input type=\"submit\" value=\"Subscribe\">\n<\/p><\/div><label style=\"display: none !important;\">Leave this field empty if you're human: <input type=\"text\" name=\"_mc4wp_honeypot\" value=\"\" tabindex=\"-1\" autocomplete=\"off\" \/><\/label><input type=\"hidden\" name=\"_mc4wp_timestamp\" value=\"1778508809\" \/><input type=\"hidden\" name=\"_mc4wp_form_id\" value=\"2651\" \/><input type=\"hidden\" name=\"_mc4wp_form_element_id\" value=\"mc4wp-form-1\" \/><div class=\"mc4wp-response\"><\/div><\/form><!-- \/ Mailchimp for WordPress Plugin -->\n<\/div>\n<\/div>\n","protected":false},"excerpt":{"rendered":"<p>Imprint Information provided according to Sec. 5 German Telemedia Act (TMG): M1 Privatklinik AGFrauenplatz 780331 M\u00fcnchen Represented by: Dr. Simon MayerKorbinian Mayer&nbsp; Contact: Telephone: +49 (0) 89 24 21 56 40Telefax: +49 (0)89\/2421564-25&nbsp;Email:&nbsp;office(at)arzt-m1.de Register entry: Entry in the Handelsregister.&nbsp;Registering court:HRB 213377&nbsp;Registration number: M\u00fcnchen VAT: M1 Privatklinik AG still has the privilege VAT exemption. Supervising authority: [&hellip;]<\/p>\n","protected":false},"author":3,"featured_media":0,"parent":0,"menu_order":0,"comment_status":"closed","ping_status":"closed","template":"","meta":{"footnotes":""},"class_list":["post-1602","page","type-page","status-publish","hentry"],"yoast_head":"<!-- This site is optimized with the Yoast SEO plugin v26.8 - https:\/\/yoast.com\/product\/yoast-seo-wordpress\/ -->\n<title>Imprint - M1 Privatklinik<\/title>\n<meta name=\"robots\" content=\"noindex, follow\" \/>\n<meta property=\"og:locale\" content=\"en_US\" \/>\n<meta property=\"og:type\" content=\"article\" \/>\n<meta property=\"og:title\" content=\"Imprint - M1 Privatklinik\" \/>\n<meta property=\"og:description\" content=\"Imprint Information provided according to Sec. 5 German Telemedia Act (TMG): M1 Privatklinik AGFrauenplatz 780331 M\u00fcnchen Represented by: Dr. Simon MayerKorbinian Mayer&nbsp; Contact: Telephone: +49 (0) 89 24 21 56 40Telefax: +49 (0)89\/2421564-25&nbsp;Email:&nbsp;office(at)arzt-m1.de Register entry: Entry in the Handelsregister.&nbsp;Registering court:HRB 213377&nbsp;Registration number: M\u00fcnchen VAT: M1 Privatklinik AG still has the privilege VAT exemption. Supervising authority: [&hellip;]\" \/>\n<meta property=\"og:url\" content=\"https:\/\/www.m1-privatklinik.de\/en\/imprint\/\" \/>\n<meta property=\"og:site_name\" content=\"M1 Privatklinik\" \/>\n<meta property=\"article:modified_time\" content=\"2026-01-27T13:56:17+00:00\" \/>\n<meta property=\"og:image\" content=\"https:\/\/m1-privatklinik.docleads.dev\/wp-content\/uploads\/2025\/10\/1a7d325db404e3b3e251b4e9100731a38a74b0ba-min-1024x682.webp\" \/>\n<meta name=\"twitter:card\" content=\"summary_large_image\" \/>\n<meta name=\"twitter:label1\" content=\"Est. reading time\" \/>\n\t<meta name=\"twitter:data1\" content=\"8 minutes\" \/>\n<script type=\"application\/ld+json\" class=\"yoast-schema-graph\">{\"@context\":\"https:\/\/schema.org\",\"@graph\":[{\"@type\":\"WebPage\",\"@id\":\"https:\/\/www.m1-privatklinik.de\/en\/imprint\/\",\"url\":\"https:\/\/www.m1-privatklinik.de\/en\/imprint\/\",\"name\":\"Imprint - M1 Privatklinik\",\"isPartOf\":{\"@id\":\"https:\/\/www.m1-privatklinik.de\/#website\"},\"primaryImageOfPage\":{\"@id\":\"https:\/\/www.m1-privatklinik.de\/en\/imprint\/#primaryimage\"},\"image\":{\"@id\":\"https:\/\/www.m1-privatklinik.de\/en\/imprint\/#primaryimage\"},\"thumbnailUrl\":\"https:\/\/www.m1-privatklinik.de\/wp-content\/uploads\/2025\/10\/1a7d325db404e3b3e251b4e9100731a38a74b0ba-min-1024x682.webp\",\"datePublished\":\"2025-11-14T13:40:19+00:00\",\"dateModified\":\"2026-01-27T13:56:17+00:00\",\"breadcrumb\":{\"@id\":\"https:\/\/www.m1-privatklinik.de\/en\/imprint\/#breadcrumb\"},\"inLanguage\":\"en-US\",\"potentialAction\":[{\"@type\":\"ReadAction\",\"target\":[\"https:\/\/www.m1-privatklinik.de\/en\/imprint\/\"]}]},{\"@type\":\"ImageObject\",\"inLanguage\":\"en-US\",\"@id\":\"https:\/\/www.m1-privatklinik.de\/en\/imprint\/#primaryimage\",\"url\":\"https:\/\/www.m1-privatklinik.de\/wp-content\/uploads\/2025\/10\/1a7d325db404e3b3e251b4e9100731a38a74b0ba-min-1024x682.webp\",\"contentUrl\":\"https:\/\/www.m1-privatklinik.de\/wp-content\/uploads\/2025\/10\/1a7d325db404e3b3e251b4e9100731a38a74b0ba-min-1024x682.webp\"},{\"@type\":\"BreadcrumbList\",\"@id\":\"https:\/\/www.m1-privatklinik.de\/en\/imprint\/#breadcrumb\",\"itemListElement\":[{\"@type\":\"ListItem\",\"position\":1,\"name\":\"Startseite\",\"item\":\"https:\/\/www.m1-privatklinik.de\/en\/\"},{\"@type\":\"ListItem\",\"position\":2,\"name\":\"Imprint\"}]},{\"@type\":\"WebSite\",\"@id\":\"https:\/\/www.m1-privatklinik.de\/#website\",\"url\":\"https:\/\/www.m1-privatklinik.de\/\",\"name\":\"M1 Privatklinik\",\"description\":\"\",\"publisher\":{\"@id\":\"https:\/\/www.m1-privatklinik.de\/#organization\"},\"potentialAction\":[{\"@type\":\"SearchAction\",\"target\":{\"@type\":\"EntryPoint\",\"urlTemplate\":\"https:\/\/www.m1-privatklinik.de\/?s={search_term_string}\"},\"query-input\":{\"@type\":\"PropertyValueSpecification\",\"valueRequired\":true,\"valueName\":\"search_term_string\"}}],\"inLanguage\":\"en-US\"},{\"@type\":\"Organization\",\"@id\":\"https:\/\/www.m1-privatklinik.de\/#organization\",\"name\":\"M1 Privatklinik\",\"url\":\"https:\/\/www.m1-privatklinik.de\/\",\"logo\":{\"@type\":\"ImageObject\",\"inLanguage\":\"en-US\",\"@id\":\"https:\/\/www.m1-privatklinik.de\/#\/schema\/logo\/image\/\",\"url\":\"https:\/\/www.m1-privatklinik.de\/wp-content\/uploads\/2025\/11\/m1-privatklinik-muenchen.jpg\",\"contentUrl\":\"https:\/\/www.m1-privatklinik.de\/wp-content\/uploads\/2025\/11\/m1-privatklinik-muenchen.jpg\",\"width\":90,\"height\":167,\"caption\":\"M1 Privatklinik\"},\"image\":{\"@id\":\"https:\/\/www.m1-privatklinik.de\/#\/schema\/logo\/image\/\"}}]}<\/script>\n<!-- \/ Yoast SEO plugin. -->","yoast_head_json":{"title":"Imprint - M1 Privatklinik","robots":{"index":"noindex","follow":"follow"},"og_locale":"en_US","og_type":"article","og_title":"Imprint - M1 Privatklinik","og_description":"Imprint Information provided according to Sec. 5 German Telemedia Act (TMG): M1 Privatklinik AGFrauenplatz 780331 M\u00fcnchen Represented by: Dr. Simon MayerKorbinian Mayer&nbsp; Contact: Telephone: +49 (0) 89 24 21 56 40Telefax: +49 (0)89\/2421564-25&nbsp;Email:&nbsp;office(at)arzt-m1.de Register entry: Entry in the Handelsregister.&nbsp;Registering court:HRB 213377&nbsp;Registration number: M\u00fcnchen VAT: M1 Privatklinik AG still has the privilege VAT exemption. Supervising authority: [&hellip;]","og_url":"https:\/\/www.m1-privatklinik.de\/en\/imprint\/","og_site_name":"M1 Privatklinik","article_modified_time":"2026-01-27T13:56:17+00:00","og_image":[{"url":"https:\/\/m1-privatklinik.docleads.dev\/wp-content\/uploads\/2025\/10\/1a7d325db404e3b3e251b4e9100731a38a74b0ba-min-1024x682.webp","type":"","width":"","height":""}],"twitter_card":"summary_large_image","twitter_misc":{"Est. reading time":"8 minutes"},"schema":{"@context":"https:\/\/schema.org","@graph":[{"@type":"WebPage","@id":"https:\/\/www.m1-privatklinik.de\/en\/imprint\/","url":"https:\/\/www.m1-privatklinik.de\/en\/imprint\/","name":"Imprint - M1 Privatklinik","isPartOf":{"@id":"https:\/\/www.m1-privatklinik.de\/#website"},"primaryImageOfPage":{"@id":"https:\/\/www.m1-privatklinik.de\/en\/imprint\/#primaryimage"},"image":{"@id":"https:\/\/www.m1-privatklinik.de\/en\/imprint\/#primaryimage"},"thumbnailUrl":"https:\/\/www.m1-privatklinik.de\/wp-content\/uploads\/2025\/10\/1a7d325db404e3b3e251b4e9100731a38a74b0ba-min-1024x682.webp","datePublished":"2025-11-14T13:40:19+00:00","dateModified":"2026-01-27T13:56:17+00:00","breadcrumb":{"@id":"https:\/\/www.m1-privatklinik.de\/en\/imprint\/#breadcrumb"},"inLanguage":"en-US","potentialAction":[{"@type":"ReadAction","target":["https:\/\/www.m1-privatklinik.de\/en\/imprint\/"]}]},{"@type":"ImageObject","inLanguage":"en-US","@id":"https:\/\/www.m1-privatklinik.de\/en\/imprint\/#primaryimage","url":"https:\/\/www.m1-privatklinik.de\/wp-content\/uploads\/2025\/10\/1a7d325db404e3b3e251b4e9100731a38a74b0ba-min-1024x682.webp","contentUrl":"https:\/\/www.m1-privatklinik.de\/wp-content\/uploads\/2025\/10\/1a7d325db404e3b3e251b4e9100731a38a74b0ba-min-1024x682.webp"},{"@type":"BreadcrumbList","@id":"https:\/\/www.m1-privatklinik.de\/en\/imprint\/#breadcrumb","itemListElement":[{"@type":"ListItem","position":1,"name":"Startseite","item":"https:\/\/www.m1-privatklinik.de\/en\/"},{"@type":"ListItem","position":2,"name":"Imprint"}]},{"@type":"WebSite","@id":"https:\/\/www.m1-privatklinik.de\/#website","url":"https:\/\/www.m1-privatklinik.de\/","name":"M1 Privatklinik","description":"","publisher":{"@id":"https:\/\/www.m1-privatklinik.de\/#organization"},"potentialAction":[{"@type":"SearchAction","target":{"@type":"EntryPoint","urlTemplate":"https:\/\/www.m1-privatklinik.de\/?s={search_term_string}"},"query-input":{"@type":"PropertyValueSpecification","valueRequired":true,"valueName":"search_term_string"}}],"inLanguage":"en-US"},{"@type":"Organization","@id":"https:\/\/www.m1-privatklinik.de\/#organization","name":"M1 Privatklinik","url":"https:\/\/www.m1-privatklinik.de\/","logo":{"@type":"ImageObject","inLanguage":"en-US","@id":"https:\/\/www.m1-privatklinik.de\/#\/schema\/logo\/image\/","url":"https:\/\/www.m1-privatklinik.de\/wp-content\/uploads\/2025\/11\/m1-privatklinik-muenchen.jpg","contentUrl":"https:\/\/www.m1-privatklinik.de\/wp-content\/uploads\/2025\/11\/m1-privatklinik-muenchen.jpg","width":90,"height":167,"caption":"M1 Privatklinik"},"image":{"@id":"https:\/\/www.m1-privatklinik.de\/#\/schema\/logo\/image\/"}}]}},"_links":{"self":[{"href":"https:\/\/www.m1-privatklinik.de\/en\/wp-json\/wp\/v2\/pages\/1602","targetHints":{"allow":["GET"]}}],"collection":[{"href":"https:\/\/www.m1-privatklinik.de\/en\/wp-json\/wp\/v2\/pages"}],"about":[{"href":"https:\/\/www.m1-privatklinik.de\/en\/wp-json\/wp\/v2\/types\/page"}],"author":[{"embeddable":true,"href":"https:\/\/www.m1-privatklinik.de\/en\/wp-json\/wp\/v2\/users\/3"}],"replies":[{"embeddable":true,"href":"https:\/\/www.m1-privatklinik.de\/en\/wp-json\/wp\/v2\/comments?post=1602"}],"version-history":[{"count":2,"href":"https:\/\/www.m1-privatklinik.de\/en\/wp-json\/wp\/v2\/pages\/1602\/revisions"}],"predecessor-version":[{"id":1605,"href":"https:\/\/www.m1-privatklinik.de\/en\/wp-json\/wp\/v2\/pages\/1602\/revisions\/1605"}],"wp:attachment":[{"href":"https:\/\/www.m1-privatklinik.de\/en\/wp-json\/wp\/v2\/media?parent=1602"}],"curies":[{"name":"wp","href":"https:\/\/api.w.org\/{rel}","templated":true}]}}